{"id":252,"date":"2025-06-20T18:36:58","date_gmt":"2025-06-20T16:36:58","guid":{"rendered":"https:\/\/10.1.69.13\/?page_id=252"},"modified":"2026-02-12T18:26:54","modified_gmt":"2026-02-12T17:26:54","slug":"waschkueche","status":"publish","type":"page","link":"https:\/\/ramnet.de\/en\/wohnanlage\/waschkueche\/","title":{"rendered":"Laundry room"},"content":{"rendered":"<div class=\"wp-block-cover alignfull is-light\" style=\"padding-top:0px;min-height:441px;aspect-ratio:unset;\"><img loading=\"lazy\" decoding=\"async\" width=\"2048\" height=\"1024\" class=\"wp-block-cover__image-background wp-image-420 size-full\" alt=\"\" src=\"https:\/\/ramnet.de\/wp-content\/uploads\/ai-laundry.jpg\" data-object-fit=\"cover\" srcset=\"https:\/\/ramnet.de\/wp-content\/uploads\/ai-laundry.jpg 2048w, https:\/\/ramnet.de\/wp-content\/uploads\/ai-laundry-300x150.jpg 300w, https:\/\/ramnet.de\/wp-content\/uploads\/ai-laundry-1024x512.jpg 1024w, https:\/\/ramnet.de\/wp-content\/uploads\/ai-laundry-2000x1000.jpg 2000w, https:\/\/ramnet.de\/wp-content\/uploads\/ai-laundry-18x9.jpg 18w\" sizes=\"auto, (max-width: 2048px) 100vw, 2048px\" \/><span aria-hidden=\"true\" class=\"wp-block-cover__background has-background-dim-40 has-background-dim\" style=\"background-color:#d0aa00\"><\/span><div class=\"wp-block-cover__inner-container is-layout-flow wp-block-cover-is-layout-flow\">\n<div style=\"height:251px\" aria-hidden=\"true\" class=\"wp-block-spacer\"><\/div>\n\n\n\n<div class=\"wp-block-group is-style-default has-global-padding is-layout-constrained wp-block-group-is-layout-constrained\">\n<h2 class=\"wp-block-heading has-white-color has-text-color has-max-48-font-size\">Laundry room<\/h2>\n\n\n\n<div style=\"height:63px\" aria-hidden=\"true\" class=\"wp-block-spacer\"><\/div>\n<\/div>\n<\/div><\/div>\n\n\n\n<div class=\"wp-block-group has-global-padding is-layout-constrained wp-block-group-is-layout-constrained\">\n<div class=\"wp-block-media-text is-stacked-on-mobile no-card\" style=\"margin-top:0;margin-bottom:0;padding-top:0;padding-bottom:0;grid-template-columns:37% auto\"><figure class=\"wp-block-media-text__media\"><img loading=\"lazy\" decoding=\"async\" width=\"1024\" height=\"768\" src=\"https:\/\/ramnet.de\/wp-content\/uploads\/lg-1-1024x768.jpg\" alt=\"\" class=\"wp-image-666 size-full\" srcset=\"https:\/\/ramnet.de\/wp-content\/uploads\/lg-1-1024x768.jpg 1024w, https:\/\/ramnet.de\/wp-content\/uploads\/lg-1-300x225.jpg 300w, https:\/\/ramnet.de\/wp-content\/uploads\/lg-1-2000x1500.jpg 2000w, https:\/\/ramnet.de\/wp-content\/uploads\/lg-1-16x12.jpg 16w, https:\/\/ramnet.de\/wp-content\/uploads\/lg-1.jpg 2048w\" sizes=\"auto, (max-width: 1024px) 100vw, 1024px\" \/><\/figure><div class=\"wp-block-media-text__content\">\n<p>Several washing machines and dryers are available for residents in House 150a.<\/p>\n\n\n\n<p><a href=\"https:\/\/ramnet.de\/en\/wohnanlage\/waschkueche\/howto\/\" data-type=\"page\" data-id=\"670\"><strong>Here you will find instructions for using the machines.<\/strong><\/a><\/p>\n\n\n\n<p class=\"translation-block\">The laundry room is open daily from 7 a.m. to 10 p.m. As a member of the association, you can open the door outside these hours via <a href=\"https:\/\/my.ramnet.de\/laundry\" target=\"_blank\" rel=\"noreferrer noopener\">my.ramnet.de\/laundry<\/a>. Coins are required to operate the washing machines and can be purchased from the caretaker. You can then use these coins to pay for and use a machine via <a href=\"https:\/\/my.ramnet.de\/laundry\" target=\"_self\">my.ramnet.de\/laundry<\/a>. The dryers can be used without coins.<\/p>\n\n\n\n<p class=\"translation-block\">The sale of wash coins takes place <strong>Tuesdays<\/strong> between <strong>17:30 and 18:00<\/strong> and <strong>Fridays<\/strong> from <strong>16:30 to 17:00<\/strong> in the laundry room (see picture).<\/p>\n\n\n\n<p class=\"translation-block\">A washing coin costs <strong>\u20ac2.50<\/strong>, drying has been free of charge since May 2018.<\/p>\n<\/div><\/div>\n\n\n\n<figure class=\"wp-block-gallery has-nested-images columns-default is-cropped wp-block-gallery-1 is-layout-flex wp-block-gallery-is-layout-flex\">\n<figure class=\"wp-block-image size-large\"><img loading=\"lazy\" decoding=\"async\" width=\"1024\" height=\"768\" data-id=\"424\" src=\"https:\/\/ramnet.de\/wp-content\/uploads\/wasch-1-2-1024x768.jpg\" alt=\"\" class=\"wp-image-424\" srcset=\"https:\/\/ramnet.de\/wp-content\/uploads\/wasch-1-2-1024x768.jpg 1024w, https:\/\/ramnet.de\/wp-content\/uploads\/wasch-1-2-300x225.jpg 300w, https:\/\/ramnet.de\/wp-content\/uploads\/wasch-1-2-2000x1500.jpg 2000w, https:\/\/ramnet.de\/wp-content\/uploads\/wasch-1-2-16x12.jpg 16w\" sizes=\"auto, (max-width: 1024px) 100vw, 1024px\" \/><figcaption class=\"wp-element-caption\">Washing machines<\/figcaption><\/figure>\n\n\n\n<figure class=\"wp-block-image size-large\"><img loading=\"lazy\" decoding=\"async\" width=\"1024\" height=\"768\" data-id=\"426\" src=\"https:\/\/ramnet.de\/wp-content\/uploads\/wasch-3-1-1024x768.jpg\" alt=\"\" class=\"wp-image-426\" srcset=\"https:\/\/ramnet.de\/wp-content\/uploads\/wasch-3-1-1024x768.jpg 1024w, https:\/\/ramnet.de\/wp-content\/uploads\/wasch-3-1-300x225.jpg 300w, https:\/\/ramnet.de\/wp-content\/uploads\/wasch-3-1-2000x1500.jpg 2000w, https:\/\/ramnet.de\/wp-content\/uploads\/wasch-3-1-16x12.jpg 16w\" sizes=\"auto, (max-width: 1024px) 100vw, 1024px\" \/><figcaption class=\"wp-element-caption\">Dryer<\/figcaption><\/figure>\n\n\n\n<figure class=\"wp-block-image size-large\"><img loading=\"lazy\" decoding=\"async\" width=\"1024\" height=\"768\" data-id=\"425\" src=\"https:\/\/ramnet.de\/wp-content\/uploads\/wasch-2-1-1024x768.jpg\" alt=\"\" class=\"wp-image-425\" srcset=\"https:\/\/ramnet.de\/wp-content\/uploads\/wasch-2-1-1024x768.jpg 1024w, https:\/\/ramnet.de\/wp-content\/uploads\/wasch-2-1-300x225.jpg 300w, https:\/\/ramnet.de\/wp-content\/uploads\/wasch-2-1-2000x1500.jpg 2000w, https:\/\/ramnet.de\/wp-content\/uploads\/wasch-2-1-16x12.jpg 16w\" sizes=\"auto, (max-width: 1024px) 100vw, 1024px\" \/><figcaption class=\"wp-element-caption\">Coin slot<\/figcaption><\/figure>\n\n\n\n<figure class=\"wp-block-image size-large\"><img loading=\"lazy\" decoding=\"async\" width=\"600\" height=\"800\" data-id=\"67\" src=\"https:\/\/ramnet.de\/wp-content\/uploads\/wasch-3.jpg\" alt=\"\" class=\"wp-image-67\" srcset=\"https:\/\/ramnet.de\/wp-content\/uploads\/wasch-3.jpg 600w, https:\/\/ramnet.de\/wp-content\/uploads\/wasch-3-225x300.jpg 225w, https:\/\/ramnet.de\/wp-content\/uploads\/wasch-3-9x12.jpg 9w\" sizes=\"auto, (max-width: 600px) 100vw, 600px\" \/><figcaption class=\"wp-element-caption\">Dryer<\/figcaption><\/figure>\n\n\n\n<figure class=\"wp-block-image size-large\"><img loading=\"lazy\" decoding=\"async\" width=\"800\" height=\"600\" data-id=\"66\" src=\"https:\/\/ramnet.de\/wp-content\/uploads\/wasch-2.jpg\" alt=\"\" class=\"wp-image-66\" srcset=\"https:\/\/ramnet.de\/wp-content\/uploads\/wasch-2.jpg 800w, https:\/\/ramnet.de\/wp-content\/uploads\/wasch-2-300x225.jpg 300w, https:\/\/ramnet.de\/wp-content\/uploads\/wasch-2-16x12.jpg 16w\" sizes=\"auto, (max-width: 800px) 100vw, 800px\" \/><figcaption class=\"wp-element-caption\">Dryer<\/figcaption><\/figure>\n\n\n\n<figure class=\"wp-block-image size-large\"><img loading=\"lazy\" decoding=\"async\" width=\"151\" height=\"200\" data-id=\"68\" src=\"https:\/\/ramnet.de\/wp-content\/uploads\/waschkueche.jpg\" alt=\"\" class=\"wp-image-68\" srcset=\"https:\/\/ramnet.de\/wp-content\/uploads\/waschkueche.jpg 151w, https:\/\/ramnet.de\/wp-content\/uploads\/waschkueche-9x12.jpg 9w\" sizes=\"auto, (max-width: 151px) 100vw, 151px\" \/><figcaption class=\"wp-element-caption\">1990<\/figcaption><\/figure>\n<\/figure>\n<\/div>\n\n\n\n<p><\/p>","protected":false},"excerpt":{"rendered":"<p>F\u00fcr die Bewohner stehen in Haus 150a mehrere Waschmaschinen und Trockner bereit. Hier findest du Anleitungen f\u00fcr die Nutzung der Maschinen. Die Waschk\u00fcche ist t\u00e4glich von&nbsp;7&nbsp;bis&nbsp;22 Uhr&nbsp;ge\u00f6ffnet. Als Vereinsmitglied kannst du au\u00dferhalb dieser Zeiten die T\u00fcr \u00fcber&nbsp;my.ramnet.de\/laundry&nbsp;\u00f6ffnen. Zum Betrieb der Waschmaschinen sind Waschm\u00fcnzen notwendig, die beim Hausmeister erworben werden k\u00f6nnen. Mit diesen kannst du dann &hellip; <\/p>\n<p class=\"link-more\"><a href=\"https:\/\/ramnet.de\/en\/wohnanlage\/waschkueche\/\" class=\"more-link\">Read more<span class=\"screen-reader-text\"> &#8222;Waschk\u00fcche&#8220;<\/span><\/a><\/p>","protected":false},"author":1,"featured_media":0,"parent":13,"menu_order":0,"comment_status":"closed","ping_status":"closed","template":"page-templates\/full-width-transparent.php","meta":{"inspiro_hide_title":false,"footnotes":""},"class_list":["post-252","page","type-page","status-publish","hentry"],"_links":{"self":[{"href":"https:\/\/ramnet.de\/en\/wp-json\/wp\/v2\/pages\/252","targetHints":{"allow":["GET"]}}],"collection":[{"href":"https:\/\/ramnet.de\/en\/wp-json\/wp\/v2\/pages"}],"about":[{"href":"https:\/\/ramnet.de\/en\/wp-json\/wp\/v2\/types\/page"}],"author":[{"embeddable":true,"href":"https:\/\/ramnet.de\/en\/wp-json\/wp\/v2\/users\/1"}],"replies":[{"embeddable":true,"href":"https:\/\/ramnet.de\/en\/wp-json\/wp\/v2\/comments?post=252"}],"version-history":[{"count":28,"href":"https:\/\/ramnet.de\/en\/wp-json\/wp\/v2\/pages\/252\/revisions"}],"predecessor-version":[{"id":786,"href":"https:\/\/ramnet.de\/en\/wp-json\/wp\/v2\/pages\/252\/revisions\/786"}],"up":[{"embeddable":true,"href":"https:\/\/ramnet.de\/en\/wp-json\/wp\/v2\/pages\/13"}],"wp:attachment":[{"href":"https:\/\/ramnet.de\/en\/wp-json\/wp\/v2\/media?parent=252"}],"curies":[{"name":"wp","href":"https:\/\/api.w.org\/{rel}","templated":true}]}}