{"id":393,"date":"2025-06-20T22:42:50","date_gmt":"2025-06-20T20:42:50","guid":{"rendered":"https:\/\/10.1.69.13\/?page_id=393"},"modified":"2025-06-22T23:58:41","modified_gmt":"2025-06-22T21:58:41","slug":"faq","status":"publish","type":"page","link":"https:\/\/ramnet.de\/en\/ramnet\/faq\/","title":{"rendered":"Frequently\u00a0Asked\u00a0Questions"},"content":{"rendered":"<h2 class=\"wp-block-heading\"><strong>Ich h\u00e4tte gerne einen Internetanschluss<\/strong><\/h2>\n\n\n\n<p>Hast du schon. H\u00f6chstwahrscheinlich. Nur sind wir kein Internetprovider. Du m\u00f6chtest dem ramnet e.V. beitreten, denn wir stellen unseren Mitgliedern kostenlos Internet zur Verf\u00fcgung.<\/p>\n\n\n\n<h2 class=\"wp-block-heading\"><strong><a><\/a>Ich w\u00fcrde gerne dem ramnet e.V. beitreten. Wie? Wo? Was?<\/strong><\/h2>\n\n\n\n<p>Meld dich online an und komm dann zur Office Hours.&nbsp;<a href=\"\/en\/join\/\" data-type=\"page\" data-id=\"325\">Mehr dazu hier.<\/a>&nbsp;<em><a href=\"https:\/\/ramnet.de\/en\/component\/content\/article\/162-anmeldung\/?catid=27&amp;Itemid=497\"><\/a><\/em><\/p>\n\n\n\n<h2 class=\"wp-block-heading\"><a><\/a><strong>Ich w\u00fcrde mich gerne abmelden. Wie geht das?<\/strong><\/h2>\n\n\n\n<p>Um aus dem ramnet e.V. auszutreten, reicht eine Mail.<\/p>\n\n\n\n<h2 class=\"wp-block-heading\"><strong>Ich ben\u00f6tige das Zertifikat f\u00fcrs WLAN<\/strong><\/h2>\n\n\n\n<p>Das ist eigentlich nicht notwendig, du kannst auf Android die &#8222;PWD&#8220; Methode nutzen. Solltest du das Zertifikat dennoch brauchen, kannst du es&nbsp;<a href=\"https:\/\/letsencrypt.org\/certs\/isrgrootx1.pem\">hier<\/a>&nbsp;herunterladen.<\/p>\n\n\n\n<h2 class=\"wp-block-heading\"><strong><a><\/a>Mein Internet geht nicht, wo bekomme ich Hilfe?<\/strong><\/h2>\n\n\n\n<p><a href=\"mailto:support@ramnet.de\">support@ramnet.de<\/a>&nbsp;ist die Adresse f\u00fcr unseren Support.<\/p>\n\n\n\n<h2 class=\"wp-block-heading\"><strong><a><\/a>Ist das ganze Netzwerk down?<\/strong><\/h2>\n\n\n\n<p>Guck mal unter dem Reiter\u00a0<a href=\"https:\/\/ramnet.de\/en\/ramnet\/status\/\" data-type=\"page\" data-id=\"355\">Network Status<\/a>\u00a0oder in die Telegram-Gruppe<\/p>\n\n\n\n<h2 class=\"wp-block-heading\"><strong><a><\/a>Kann ich euch irgendwie helfen?<\/strong><\/h2>\n\n\n\n<p>Klar. Egal ob Technik-interessiert oder nicht. Wir k\u00f6nnen immer Hilfe brauchen, auch mit kleinen Aufgaben. Komm einfach mal beim Stammtisch (<a href=\"\/en\/join\/\" data-type=\"page\" data-id=\"325\">nach der Office Hours<\/a>) vorbei oder schreib uns an&nbsp;<a href=\"mailto:support@ramnet.de\">support@ramnet.de<\/a>&nbsp;<\/p>\n\n\n\n<h2 class=\"wp-block-heading\"><strong><a><\/a>Ich habe geh\u00f6rt es gibt Fernsehen aus dem Internet<\/strong><\/h2>\n\n\n\n<p>Dieses Angebot haben wir mangels Interesse eingestellt.<\/p>\n\n\n\n<h2 class=\"wp-block-heading\"><strong><a><\/a>Ich habe ein neues Konto, was tun?<\/strong><\/h2>\n\n\n\n<p>Du solltest uns auf jeden Fall vor dem n\u00e4chsten Einzug Bescheid geben. Au\u00dferdem ben\u00f6tigen wir von dir ein neues SEPA-Mandat, welches wir dir dann ausdrucken oder zumailen.<\/p>","protected":false},"excerpt":{"rendered":"<p>Ich h\u00e4tte gerne einen Internetanschluss Hast du schon. H\u00f6chstwahrscheinlich. Nur sind wir kein Internetprovider. Du m\u00f6chtest dem ramnet e.V. beitreten, denn wir stellen unseren Mitgliedern kostenlos Internet zur Verf\u00fcgung. Ich w\u00fcrde gerne dem ramnet e.V. beitreten. Wie? Wo? Was? Meld dich online an und komm dann zur Office Hours.&nbsp;Mehr dazu hier.&nbsp; Ich w\u00fcrde mich gerne &hellip; <\/p>\n<p class=\"link-more\"><a href=\"https:\/\/ramnet.de\/en\/ramnet\/faq\/\" class=\"more-link\">Read more<span class=\"screen-reader-text\"> &#8222;Frequently\u00a0Asked\u00a0Questions&#8220;<\/span><\/a><\/p>","protected":false},"author":1,"featured_media":0,"parent":332,"menu_order":0,"comment_status":"closed","ping_status":"closed","template":"","meta":{"inspiro_hide_title":false,"footnotes":""},"class_list":["post-393","page","type-page","status-publish","hentry"],"_links":{"self":[{"href":"https:\/\/ramnet.de\/en\/wp-json\/wp\/v2\/pages\/393","targetHints":{"allow":["GET"]}}],"collection":[{"href":"https:\/\/ramnet.de\/en\/wp-json\/wp\/v2\/pages"}],"about":[{"href":"https:\/\/ramnet.de\/en\/wp-json\/wp\/v2\/types\/page"}],"author":[{"embeddable":true,"href":"https:\/\/ramnet.de\/en\/wp-json\/wp\/v2\/users\/1"}],"replies":[{"embeddable":true,"href":"https:\/\/ramnet.de\/en\/wp-json\/wp\/v2\/comments?post=393"}],"version-history":[{"count":5,"href":"https:\/\/ramnet.de\/en\/wp-json\/wp\/v2\/pages\/393\/revisions"}],"predecessor-version":[{"id":565,"href":"https:\/\/ramnet.de\/en\/wp-json\/wp\/v2\/pages\/393\/revisions\/565"}],"up":[{"embeddable":true,"href":"https:\/\/ramnet.de\/en\/wp-json\/wp\/v2\/pages\/332"}],"wp:attachment":[{"href":"https:\/\/ramnet.de\/en\/wp-json\/wp\/v2\/media?parent=393"}],"curies":[{"name":"wp","href":"https:\/\/api.w.org\/{rel}","templated":true}]}}