{"id":603,"date":"2025-07-26T19:11:54","date_gmt":"2025-07-26T17:11:54","guid":{"rendered":"https:\/\/ramnet.de\/?page_id=603"},"modified":"2025-07-26T19:23:38","modified_gmt":"2025-07-26T17:23:38","slug":"impressum","status":"publish","type":"page","link":"https:\/\/ramnet.de\/en\/impressum\/","title":{"rendered":"Impressum"},"content":{"rendered":"<p><strong>Angaben gem\u00e4\u00df \u00a7\u202f5 DDG<\/strong><\/p>\n\n\n\n<h2 class=\"wp-block-heading\">Betreiber:<\/h2>\n\n\n\n<p>ramnet e.V.<br>Vaalser Stra\u00dfe\u202f150\u2013152\u202fb<br>52074 Aachen<br>Deutschland<\/p>\n\n\n\n<h2 class=\"wp-block-heading\">Vertreten durch den Vorstand (\u00a7 26 BGB):<\/h2>\n\n\n\n<p>Lena Braun, Florian Busch, Marco Ruchay<\/p>\n\n\n\n<h2 class=\"wp-block-heading\">Registereintrag:<\/h2>\n\n\n\n<p>Eingetragen im Vereinsregister<br>Registergericht: Amtsgericht Aachen<br>Registernummer: 3901<\/p>\n\n\n\n<h2 class=\"wp-block-heading\">Kontakt:<\/h2>\n\n\n\n<p>Der Verein ramnet e.V. sorgt f\u00fcr den kulturellen Austausch unter den Bewohnern. Wenn Sie Fragen zu unseren Aktivit\u00e4ten, wie Kursen, Workshops oder den Netzwerken haben, stehen wir Ihnen gerne jederzeit zur Verf\u00fcgung.<\/p>\n\n\n\n<p><strong><mark style=\"background-color:rgba(0, 0, 0, 0)\" class=\"has-inline-color has-secondary-color\">Ausk\u00fcnfte zu Vermietung und Verkauf von Appartements k\u00f6nnen wir nicht geben. Bitte haben Sie Verst\u00e4ndnis daf\u00fcr, dass wir diesbez\u00fcgliche Anfragen daher ignorieren.<\/mark><\/strong><\/p>\n\n\n\n<p><mark style=\"background-color:rgba(0, 0, 0, 0)\" class=\"has-inline-color has-secondary-color\"><strong>ramnet e.V. is not responsible for questions of renting appartements in the residencia alma mater.<\/strong><\/mark><\/p>\n\n\n\n<p><strong><mark style=\"background-color:rgba(0, 0, 0, 0)\" class=\"has-inline-color has-secondary-color\">KEINE MIETAUSK\u00dcNFTE! \/ NO RENTING INFORMATION!<\/mark><\/strong><br>E-Mail: vorstand@ramnet.de<br><strong><mark style=\"background-color:rgba(0, 0, 0, 0)\" class=\"has-inline-color has-secondary-color\">KEINE MIETAUSK\u00dcNFTE! \/ NO RENTING INFORMATION!<\/mark><\/strong><\/p>\n\n\n\n<h2 class=\"wp-block-heading\">Haftungsausschluss (Disclaimer):<\/h2>\n\n\n\n<p>Die Inhalte unserer Seiten wurden mit gr\u00f6\u00dfter Sorgfalt erstellt. F\u00fcr die Richtigkeit, Vollst\u00e4ndigkeit und Aktualit\u00e4t der Inhalte \u00fcbernehmen wir jedoch keine Gew\u00e4hr.<\/p>\n\n\n\n<h3 class=\"wp-block-heading\"><strong>Haftung f\u00fcr Inhalte<\/strong><\/h3>\n\n\n\n<p>Die Inhalte unserer Vereinshomepage wurden mit gr\u00f6\u00dfter Sorgfalt erstellt. F\u00fcr die Richtigkeit, Vollst\u00e4ndigkeit und Aktualit\u00e4t dieser Inhalte \u00fcbernehmen wir jedoch keine Gew\u00e4hr. Nach den allgemeinen gesetzlichen Bestimmungen sind wir als Diensteanbieter f\u00fcr eigene Inhalte verantwortlich. F\u00fcr \u00fcbermittelte oder gespeicherte fremde Informationen sind wir nicht verpflichtet, diese zu \u00fcberwachen oder nach Umst\u00e4nden zu forschen, die auf eine rechtswidrige T\u00e4tigkeit hinweisen. Verpflichtungen zur Entfernung oder Sperrung der Nutzung von Informationen gem\u00e4\u00df den allgemeinen Gesetzen bleiben hiervon unber\u00fchrt. Eine Haftung ist jedoch erst ab dem Zeitpunkt m\u00f6glich, zu dem wir Kenntnis von einer konkreten Rechtsverletzung erhalten. Werden uns entsprechende Verst\u00f6\u00dfe bekannt, entfernen wir die betreffenden Inhalte umgehend. (in Anlehnung an \u00a7\u202f7 DDG)<\/p>\n\n\n\n<h3 class=\"wp-block-heading\"><strong>Haftung f\u00fcr Links<\/strong><\/h3>\n\n\n\n<p>Unsere Website enth\u00e4lt m\u00f6glicherweise Links zu externen Websites Dritter, auf deren Inhalte wir keinen Einfluss haben. Deshalb k\u00f6nnen wir f\u00fcr diese fremden Inhalte keine Gew\u00e4hr \u00fcbernehmen. F\u00fcr den Inhalt der verlinkten Seiten ist stets der jeweilige Anbieter oder Betreiber verantwortlich. Zum Zeitpunkt der Verlinkung waren keine Rechtsverst\u00f6\u00dfe erkennbar. Eine laufende Kontrolle der verlinkten Seiten ist aber ohne konkrete Hinweise auf eine Rechtsverletzung nicht zumutbar. Sollten uns Rechtsverletzungen bekannt werden, entfernen wir entsprechende Links unverz\u00fcglich. \u00a0<\/p>\n\n\n\n<h3 class=\"wp-block-heading\"><strong>Urheberrecht<\/strong><\/h3>\n\n\n\n<p>Die auf unserer Website ver\u00f6ffentlichten Inhalte und Werke, sofern sie nicht deutlich als Fremdmaterial gekennzeichnet sind, unterliegen dem deutschen Urheberrecht. Jede Vervielf\u00e4ltigung, Bearbeitung, Verbreitung oder sonstige Verwertung au\u00dferhalb der Grenzen des Urheberrechts bedarf der schriftlichen Zustimmung des jeweiligen Autoren bzw. Rechteinhabers. Downloads und Kopien dieser Seiten sind nur f\u00fcr den privaten, nicht\u2011kommerziellen Gebrauch gestattet. Inhalte Dritter, insbesondere Bilder oder Texte, sind entsprechend gekennzeichnet. Sollten Sie dennoch auf eine m\u00f6gliche Urheberrechtsverletzung aufmerksam werden, bitten wir um einen Hinweis. Bei Bekanntwerden werden wir entsprechende Inhalte umgehend entfernen.<\/p>","protected":false},"excerpt":{"rendered":"<p>Angaben gem\u00e4\u00df \u00a7\u202f5 DDG Betreiber: ramnet e.V.Vaalser Stra\u00dfe\u202f150\u2013152\u202fb52074 AachenDeutschland Vertreten durch den Vorstand (\u00a7 26 BGB): Lena Braun, Florian Busch, Marco Ruchay Registereintrag: Eingetragen im VereinsregisterRegistergericht: Amtsgericht AachenRegisternummer: 3901 Kontakt: Der Verein ramnet e.V. sorgt f\u00fcr den kulturellen Austausch unter den Bewohnern. Wenn Sie Fragen zu unseren Aktivit\u00e4ten, wie Kursen, Workshops oder den Netzwerken haben, &hellip; <\/p>\n<p class=\"link-more\"><a href=\"https:\/\/ramnet.de\/en\/impressum\/\" class=\"more-link\">Read more<span class=\"screen-reader-text\"> &#8222;Impressum&#8220;<\/span><\/a><\/p>","protected":false},"author":1,"featured_media":0,"parent":0,"menu_order":0,"comment_status":"closed","ping_status":"closed","template":"","meta":{"inspiro_hide_title":false,"footnotes":""},"class_list":["post-603","page","type-page","status-publish","hentry"],"_links":{"self":[{"href":"https:\/\/ramnet.de\/en\/wp-json\/wp\/v2\/pages\/603","targetHints":{"allow":["GET"]}}],"collection":[{"href":"https:\/\/ramnet.de\/en\/wp-json\/wp\/v2\/pages"}],"about":[{"href":"https:\/\/ramnet.de\/en\/wp-json\/wp\/v2\/types\/page"}],"author":[{"embeddable":true,"href":"https:\/\/ramnet.de\/en\/wp-json\/wp\/v2\/users\/1"}],"replies":[{"embeddable":true,"href":"https:\/\/ramnet.de\/en\/wp-json\/wp\/v2\/comments?post=603"}],"version-history":[{"count":9,"href":"https:\/\/ramnet.de\/en\/wp-json\/wp\/v2\/pages\/603\/revisions"}],"predecessor-version":[{"id":612,"href":"https:\/\/ramnet.de\/en\/wp-json\/wp\/v2\/pages\/603\/revisions\/612"}],"wp:attachment":[{"href":"https:\/\/ramnet.de\/en\/wp-json\/wp\/v2\/media?parent=603"}],"curies":[{"name":"wp","href":"https:\/\/api.w.org\/{rel}","templated":true}]}}